{"id":1219,"date":"2024-07-11T16:32:43","date_gmt":"2024-07-11T14:32:43","guid":{"rendered":"https:\/\/boucherie-florian.fr\/?post_type=product&#038;p=1219"},"modified":"2025-10-01T15:05:13","modified_gmt":"2025-10-01T13:05:13","slug":"planche-2","status":"publish","type":"product","link":"https:\/\/boucherie-florian.fr\/index.php\/produit\/planche-2\/","title":{"rendered":"Plateau Charcuterie Fromage"},"content":{"rendered":"","protected":false},"excerpt":{"rendered":"<div class=\"gmail_default\" style=\"text-align: center;\">Plateau de fromage et charcuterie<\/div>\n<div class=\"gmail_default\" style=\"text-align: center;\"><strong>9 personnes<\/strong><\/div>\n<div style=\"text-align: center;\">Possible de 5 \u00e0 9 personnes (4\u20ac\/part)<\/div>\n<div style=\"text-align: center;\">(chorizo, coppa, jambon de pays serrano, rosette, p\u00e2t\u00e9 cabane, comt\u00e9 4-6 mois, cantal jeune, tomme 3 laits, tomme de brebis au piment)<\/div>\n","protected":false},"featured_media":1436,"comment_status":"open","ping_status":"closed","template":"","meta":[],"product_cat":[31],"product_tag":[],"class_list":{"0":"post-1219","1":"product","2":"type-product","3":"status-publish","4":"has-post-thumbnail","6":"product_cat-planches","8":"first","9":"instock","10":"shipping-taxable","11":"product-type-simple"},"_links":{"self":[{"href":"https:\/\/boucherie-florian.fr\/index.php\/wp-json\/wp\/v2\/product\/1219","targetHints":{"allow":["GET"]}}],"collection":[{"href":"https:\/\/boucherie-florian.fr\/index.php\/wp-json\/wp\/v2\/product"}],"about":[{"href":"https:\/\/boucherie-florian.fr\/index.php\/wp-json\/wp\/v2\/types\/product"}],"replies":[{"embeddable":true,"href":"https:\/\/boucherie-florian.fr\/index.php\/wp-json\/wp\/v2\/comments?post=1219"}],"wp:featuredmedia":[{"embeddable":true,"href":"https:\/\/boucherie-florian.fr\/index.php\/wp-json\/wp\/v2\/media\/1436"}],"wp:attachment":[{"href":"https:\/\/boucherie-florian.fr\/index.php\/wp-json\/wp\/v2\/media?parent=1219"}],"wp:term":[{"taxonomy":"product_cat","embeddable":true,"href":"https:\/\/boucherie-florian.fr\/index.php\/wp-json\/wp\/v2\/product_cat?post=1219"},{"taxonomy":"product_tag","embeddable":true,"href":"https:\/\/boucherie-florian.fr\/index.php\/wp-json\/wp\/v2\/product_tag?post=1219"}],"curies":[{"name":"wp","href":"https:\/\/api.w.org\/{rel}","templated":true}]}}