{"id":1909,"date":"2025-03-31T16:38:14","date_gmt":"2025-03-31T14:38:14","guid":{"rendered":"https:\/\/boucherie-florian.fr\/?post_type=product&#038;p=1909"},"modified":"2025-10-01T15:09:28","modified_gmt":"2025-10-01T13:09:28","slug":"promo-sur-lagneau-du-1er-au-19-avril-2025","status":"publish","type":"product","link":"https:\/\/boucherie-florian.fr\/index.php\/produit\/promo-sur-lagneau-du-1er-au-19-avril-2025\/","title":{"rendered":"Promo sur l&#8217;agneau du 1er au 19 avril 2025"},"content":{"rendered":"","protected":false},"excerpt":{"rendered":"<div>\u00a0<strong>N&#8217;attendez pas P\u00e2ques pour faire vos achats d&#8217;agneau !<\/strong><\/div>\n<div><\/div>\n<div>En raison d&#8217;une hausse attendue des tarifs de l&#8217;agneau pour les f\u00eates de P\u00e2ques, nous avons n\u00e9goci\u00e9 les tarifs et vous proposons du 1er au 19 avril tout l&#8217;agneau en promotion&#8230; n&#8217;h\u00e9sitez pas \u00e0 le faire mettre sous vide pour une conservation optimale jusqu&#8217;aux f\u00eates.<\/div>\n<div><\/div>\n","protected":false},"featured_media":1911,"comment_status":"open","ping_status":"closed","template":"","meta":[],"product_cat":[16],"product_tag":[],"class_list":{"0":"post-1909","1":"product","2":"type-product","3":"status-publish","4":"has-post-thumbnail","6":"product_cat-non-classe","8":"first","9":"instock","10":"shipping-taxable","11":"product-type-simple"},"_links":{"self":[{"href":"https:\/\/boucherie-florian.fr\/index.php\/wp-json\/wp\/v2\/product\/1909","targetHints":{"allow":["GET"]}}],"collection":[{"href":"https:\/\/boucherie-florian.fr\/index.php\/wp-json\/wp\/v2\/product"}],"about":[{"href":"https:\/\/boucherie-florian.fr\/index.php\/wp-json\/wp\/v2\/types\/product"}],"replies":[{"embeddable":true,"href":"https:\/\/boucherie-florian.fr\/index.php\/wp-json\/wp\/v2\/comments?post=1909"}],"wp:featuredmedia":[{"embeddable":true,"href":"https:\/\/boucherie-florian.fr\/index.php\/wp-json\/wp\/v2\/media\/1911"}],"wp:attachment":[{"href":"https:\/\/boucherie-florian.fr\/index.php\/wp-json\/wp\/v2\/media?parent=1909"}],"wp:term":[{"taxonomy":"product_cat","embeddable":true,"href":"https:\/\/boucherie-florian.fr\/index.php\/wp-json\/wp\/v2\/product_cat?post=1909"},{"taxonomy":"product_tag","embeddable":true,"href":"https:\/\/boucherie-florian.fr\/index.php\/wp-json\/wp\/v2\/product_tag?post=1909"}],"curies":[{"name":"wp","href":"https:\/\/api.w.org\/{rel}","templated":true}]}}